{"id":2741,"date":"2023-05-22T11:07:19","date_gmt":"2023-05-22T09:07:19","guid":{"rendered":"https:\/\/schloss-weitenburg.de\/datenschutz\/"},"modified":"2024-04-02T11:53:33","modified_gmt":"2024-04-02T09:53:33","slug":"datenschutz","status":"publish","type":"page","link":"https:\/\/schloss-weitenburg.de\/en\/datenschutz\/","title":{"rendered":"Privacy Policy"},"content":{"rendered":"\n<h1 class=\"wp-block-heading\">PRIVACY POLICY<\/h1>\n\n\n\n<h2 class=\"wp-block-heading\">1. An overview of data protection<\/h2>\n\n\n\n<h3 class=\"wp-block-heading\">General<\/h3>\n\n\n\n<p>The following gives a simple overview of what happens to your personal information when you visit our website. Personal information is any data with which you could be personally identified. Detailed information on the subject of data protection can be found in our privacy policy found below.<\/p>\n\n\n\n<h3 class=\"wp-block-heading\">Data collection on our website<\/h3>\n\n\n\n<p><strong>Who is responsible for the data collection on this website?<\/strong><\/p>\n\n\n\n<p>The data collected on this website are processed by the website operator. The operator\u2019s contact details can be found in the website\u2019s required legal notice.<\/p>\n\n\n\n<p><strong>How do we collect your data?<\/strong><\/p>\n\n\n\n<p>Some data are collected when you provide it to us. This could, for example, be data you enter on a contact form.<\/p>\n\n\n\n<p>Other data are collected automatically by our IT systems when you visit the website. These data are primarily technical data such as the browser and operating system you are using or when you accessed the page. These data are collected automatically as soon as you enter our website.<\/p>\n\n\n\n<p><strong>What do we use your data for?<\/strong><\/p>\n\n\n\n<p>Part of the data is collected to ensure the proper functioning of the website. Other data can be used to analyze how visitors use the site.<\/p>\n\n\n\n<p><strong><strong>What rights do you have regarding your data?<\/strong><\/strong><\/p>\n\n\n\n<p>You always have the right to request information about your stored data, its origin, its recipients, and the purpose of its collection at no charge. You also have the right to request that it be corrected, blocked, or deleted. You can contact us at any time using the address given in the legal notice if you have further questions about the issue of privacy and data protection. You may also, of course, file a complaint with the competent regulatory authorities.<\/p>\n\n\n\n<p>Au\u00dferdem haben Sie das Recht, unter bestimmten Umst\u00e4nden die Einschr\u00e4nkung der Verarbeitung Ihrer personenbezogenen Daten zu verlangen. Details hierzu entnehmen Sie der Datenschutzerkl\u00e4rung unter \u201eRecht auf Einschr\u00e4nkung der Verarbeitung\u201c.<\/p>\n\n\n\n<h3 class=\"wp-block-heading\">Analytics and third-party tools<\/h3>\n\n\n\n<p>When visiting our website, statistical analyses may be made of your surfing behavior. This happens primarily using cookies and analytics. The analysis of your surfing behavior is usually anonymous, i.e. we will not be able to identify you from this data. You can object to this analysis or prevent it by not using certain tools. Detailed information can be found in the following privacy policy.<\/p>\n\n\n\n<p>You can object to this analysis. We will inform you below about how to exercise your options in this regard.<\/p>\n\n\n\n<h2 class=\"wp-block-heading\">2. General information and mandatory information<\/h2>\n\n\n\n<h3 class=\"wp-block-heading\">Data protection<\/h3>\n\n\n\n<p>The operators of this website take the protection of your personal data very seriously. We treat your personal data as confidential and in accordance with the statutory data protection regulations and this privacy policy.<\/p>\n\n\n\n<p>If you use this website, various pieces of personal data will be collected. Personal information is any data with which you could be personally identified. This privacy policy explains what information we collect and what we use it for. It also explains how and for what purpose this happens.<\/p>\n\n\n\n<p>Please note that data transmitted via the internet (e.g. via email communication) may be subject to security breaches. Complete protection of your data from third-party access is not possible.<\/p>\n\n\n\n<h3 class=\"wp-block-heading\">Notice concerning the party responsible for this website<\/h3>\n\n\n\n<p>The party responsible for processing data on this website is:<\/p>\n\n\n\n<p>Max-Richard Freiherr von Ra\u00dfler<br>D \u2013 72181 Starzach-Weitenburg<br>Tel +49 (0) 7457-933-0<br>Fax +49 (0) 7457-933-100<br>info@schloss-weitenburg.de<\/p>\n\n\n\n<p>The responsible party is the natural or legal person who alone or jointly with others decides on the purposes and means of processing personal data (names, email addresses, etc.).<\/p>\n\n\n\n<h3 class=\"wp-block-heading\">Revocation of your consent to the processing of your data<\/h3>\n\n\n\n<p>Many data processing operations are only possible with your express consent. You may revoke your consent at any time with future effect. An informal email making this request is sufficient. The data processed before we receive your request may still be legally processed.<\/p>\n\n\n\n<h3 class=\"wp-block-heading\">Widerspruchsrecht gegen die Datenerhebung in besonderen F\u00e4llen sowie gegen Direktwerbung (Art. 21 DSGVO)<\/h3>\n\n\n\n<p><strong>Wenn die Datenverarbeitung auf Grundlage von Art. 6 Abs. 1 lit. e oder f DSGVO erfolgt, haben Sie jederzeit das Recht, aus Gr\u00fcnden, die sich aus Ihrer besonderen Situation ergeben, gegen die Verarbeitung Ihrer personenbezogenen Daten Widerspruch einzulegen; dies gilt auch f\u00fcr ein auf diese Bestimmungen gest\u00fctztes Profiling. Die jeweilige Rechtsgrundlage, auf denen eine Verarbeitung beruht, entnehmen Sie dieser Datenschutzerkl\u00e4rung. Wenn Sie Widerspruch einlegen, werden wir Ihre betroffenen personenbezogenen Daten nicht mehr verarbeiten, es sei denn, wir k\u00f6nnen zwingende schutzw\u00fcrdige Gr\u00fcnde f\u00fcr die Verarbeitung nachweisen, die Ihre Interessen, Rechte und Freiheiten \u00fcberwiegen oder die Verarbeitung dient der Geltendmachung, Aus\u00fcbung oder Verteidigung von Rechtsanspr\u00fcchen (Widerspruch nach Art. 21 Abs. 1 DSGVO).<\/strong><\/p>\n\n\n\n<p><strong>Werden Ihre personenbezogenen Daten verarbeitet, um Direktwerbung zu betreiben, so haben Sie das Recht, jederzeit Widerspruch gegen die Verarbeitung Sie betreffender personenbezogener Daten zum Zwecke derartiger Werbung einzulegen; dies gilt auch f\u00fcr das Profiling, soweit es mit solcher Direktwerbung in Verbindung steht. Wenn Sie widersprechen, werden Ihre personenbezogenen Daten anschlie\u00dfend nicht mehr zum Zwecke der Direktwerbung verwendet (Widerspruch nach Art. 21 Abs. 2 DSGVO).<\/strong><\/p>\n\n\n\n<h3 class=\"wp-block-heading\">Right to file complaints with regulatory authorities<\/h3>\n\n\n\n<p>If there has been a breach of data protection legislation, the person affected may file a complaint with the competent regulatory authorities. The competent regulatory authority for matters related to data protection legislation is the data protection officer of the German state in which our company is headquartered. A list of data protection officers and their contact details can be found at the following link:&nbsp;<a href=\"https:\/\/www.bfdi.bund.de\/DE\/Infothek\/Anschriften_Links\/anschriften_links-node.html\" target=\"_blank\" rel=\"noreferrer noopener\">https:\/\/www.bfdi.bund.de\/DE\/Infothek\/Anschriften_Links\/anschriften_links-node.html<\/a>.<\/p>\n\n\n\n<h3 class=\"wp-block-heading\">Right to data portability<\/h3>\n\n\n\n<p>You have the right to have data which we process based on your consent or in fulfillment of a contract automatically delivered to yourself or to a third party in a standard, machine-readable format. If you require the direct transfer of data to another responsible party, this will only be done to the extent technically feasible.<\/p>\n\n\n\n<h3 class=\"wp-block-heading\">SSL or TLS encryption<\/h3>\n\n\n\n<p>This site uses SSL or TLS encryption for security reasons and for the protection of the transmission of confidential content, such as the inquiries you send to us as the site operator. You can recognize an encrypted connection in your browser\u2019s address line when it changes from \u201chttp:\/\/\u201d to \u201chttps:\/\/\u201d and the lock icon is displayed in your browser\u2019s address bar.<\/p>\n\n\n\n<p>If SSL or TLS encryption is activated, the data you transfer to us cannot be read by third parties.<\/p>\n\n\n\n<h3 class=\"wp-block-heading\">Encrypted payments on this website<\/h3>\n\n\n\n<p>If you enter into a contract which requires you to send us your payment information (e.g. account number for direct debits), we will require this data to process your payment.<\/p>\n\n\n\n<p>Payment transactions using common means of payment (Visa\/MasterCard, direct debit) are only made via encrypted SSL or TLS connections. You can recognize an encrypted connection in your browser\u2019s address line when it changes from \u201chttp:\/\/\u201d to \u201chttps:\/\/\u201d and the lock icon in your browser line is visible.<\/p>\n\n\n\n<p>In the case of encrypted communication, any payment details you submit to us cannot be read by third parties.<\/p>\n\n\n\n<h3 class=\"wp-block-heading\">Information, blocking, deletion<\/h3>\n\n\n\n<p>As permitted by law, you have the right to be provided at any time with information free of charge about any of your personal data that is stored as well as its origin, the recipient and the purpose for which it has been processed. You also have the right to have this data corrected, blocked or deleted. You can contact us at any time using the address given in our legal notice if you have further questions on the topic of personal data.<\/p>\n\n\n\n<h3 class=\"wp-block-heading\">Recht auf Einschr\u00e4nkung der Verarbeitung <\/h3>\n\n\n\n<p>Sie haben das Recht, die Einschr\u00e4nkung der Verarbeitung Ihrer personenbezogenen Daten zu verlangen. Hierzu k\u00f6nnen Sie sich jederzeit unter der im Impressum angegebenen Adresse an uns wenden. Das Recht auf Einschr\u00e4nkung der Verarbeitung besteht in folgenden F\u00e4llen:<\/p>\n\n\n\n<ul class=\"wp-block-list\">\n<li>Wenn Sie die Richtigkeit Ihrer bei uns gespeicherten personenbezogenen Daten bestreiten, ben\u00f6tigen wir in der Regel Zeit, um dies zu \u00fcberpr\u00fcfen. F\u00fcr die Dauer der Pr\u00fcfung haben Sie das Recht, die Einschr\u00e4nkung der Verarbeitung Ihrer personenbezogenen Daten zu verlangen.<\/li>\n\n\n\n<li>Wenn die Verarbeitung Ihrer personenbezogenen Daten unrechtm\u00e4\u00dfig geschah \/ geschieht, k\u00f6nnen Sie statt der L\u00f6schung die Einschr\u00e4nkung der Datenverarbeitung verlangen.<\/li>\n\n\n\n<li>Wenn wir Ihre personenbezogenen Daten nicht mehr ben\u00f6tigen, Sie sie jedoch zur Aus\u00fcbung, Verteidigung oder Geltendmachung von Rechtsanspr\u00fcchen ben\u00f6tigen, haben Sie das Recht, statt der L\u00f6schung die Einschr\u00e4nkung der Verarbeitung Ihrer personenbezogenen Daten zu verlangen.<\/li>\n\n\n\n<li>Wenn Sie einen Widerspruch nach Art. 21 Abs. 1 DSGVO eingelegt haben, muss eine Abw\u00e4gung zwischen Ihren und unseren Interessen vorgenommen werden. Solange noch nicht feststeht, wessen Interessen \u00fcberwiegen, haben Sie das Recht, die Einschr\u00e4nkung der Verarbeitung Ihrer personenbezogenen Daten zu verlangen.<\/li>\n<\/ul>\n\n\n\n<p>Wenn Sie die Verarbeitung Ihrer personenbezogenen Daten eingeschr\u00e4nkt haben, d\u00fcrfen diese Daten \u2013 von ihrer Speicherung abgesehen \u2013 nur mit Ihrer Einwilligung oder zur Geltendmachung, Aus\u00fcbung oder Verteidigung von Rechtsanspr\u00fcchen oder zum Schutz der Rechte einer anderen nat\u00fcrlichen oder juristischen Person oder aus Gr\u00fcnden eines wichtigen \u00f6ffentlichen Interesses der Europ\u00e4ischen Union oder eines Mitgliedstaats verarbeitet werden.<\/p>\n\n\n\n<h3 class=\"wp-block-heading\">Widerspruch gegen Werbe-E-Mails<\/h3>\n\n\n\n<p>Der Nutzung von im Rahmen der Impressumspflicht ver\u00f6ffentlichten Kontaktdaten zur \u00dcbersendung von nicht ausdr\u00fccklich angeforderter Werbung und Informationsmaterialien wird hiermit widersprochen. Die Betreiber der Seiten behalten sich ausdr\u00fccklich rechtliche Schritte im Falle der unverlangten Zusendung von Werbeinformationen, etwa durch Spam-E-Mails, vor.<\/p>\n\n\n\n<h2 class=\"wp-block-heading\">3. Data collection on our website<\/h2>\n\n\n\n<h3 class=\"wp-block-heading\">Cookies<\/h3>\n\n\n\n<p>Some of our web pages use cookies. Cookies do not harm your computer and do not contain any viruses. Cookies help make our website more user-friendly, efficient, and secure. Cookies are small text files that are stored on your computer and saved by your browser.<\/p>\n\n\n\n<p>Most of the cookies we use are so-called \u201csession cookies.\u201d They are automatically deleted after your visit. Other cookies remain in your device\u2019s memory until you delete them. These cookies make it possible to recognize your browser when you next visit the site.<\/p>\n\n\n\n<p>You can configure your browser to inform you about the use of cookies so that you can decide on a case-by-case basis whether to accept or reject a cookie. Alternatively, your browser can be configured to automatically accept cookies under certain conditions or to always reject them, or to automatically delete cookies when closing your browser. Disabling cookies may limit the functionality of this website.<\/p>\n\n\n\n<p>Cookies which are necessary to allow electronic communications or to provide certain functions you wish to use (such as the shopping cart) are stored pursuant to Art. 6 paragraph 1, letter f of DSGVO. The website operator has a legitimate interest in the storage of cookies to ensure an optimized service provided free of technical errors. If other cookies (such as those used to analyze your surfing behavior) are also stored, they will be treated separately in this privacy policy.<\/p>\n\n\n\n<h3 class=\"wp-block-heading\">Server log files<\/h3>\n\n\n\n<p>The website provider automatically collects and stores information that your browser automatically transmits to us in \u201cserver log files\u201d. These are:<\/p>\n\n\n\n<ul class=\"wp-block-list\">\n<li>Browser type and browser version<\/li>\n\n\n\n<li>Operating system used<\/li>\n\n\n\n<li>Referrer URL<\/li>\n\n\n\n<li>Host name of the accessing computer<\/li>\n\n\n\n<li>Time of the server request<\/li>\n\n\n\n<li>IP address<\/li>\n<\/ul>\n\n\n\n<p>These data will not be combined with data from other sources.<\/p>\n\n\n\n<p>The basis for data processing is Art. 6 (1) (f) DSGVO, which allows the processing of data to fulfill a contract or for measures preliminary to a contract.<\/p>\n\n\n\n<p><strong>Our Hoster<\/strong><br>Hetzner Online GmbH<br>Industriestr. 25<br>91710 Gunzenhausen<br>Germany<\/p>\n\n\n\n<h3 class=\"wp-block-heading\">Contact form<\/h3>\n\n\n\n<p>Should you send us questions via the contact form, we will collect the data entered on the form, including the contact details you provide, to answer your question and any follow-up questions. We do not share this information without your permission.<\/p>\n\n\n\n<p>We will, therefore, process any data you enter onto the contact form only with your consent per Art. 6 (1)(a) DSGVO. You may revoke your consent at any time. An informal email making this request is sufficient. The data processed before we receive your request may still be legally processed.<\/p>\n\n\n\n<p>We will retain the data you provide on the contact form until you request its deletion, revoke your consent for its storage, or the purpose for its storage no longer pertains (e.g. after fulfilling your request). Any mandatory statutory provisions, especially those regarding mandatory data retention periods, remain unaffected by this provision.<\/p>\n\n\n\n<h2 class=\"wp-block-heading\">4. Plugins and tools<\/h2>\n\n\n\n<h3 class=\"wp-block-heading\">Google Web Fonts<\/h3>\n\n\n\n<p>For uniform representation of fonts, this page uses web fonts provided by Google. When you open a page, your browser loads the required web fonts into your browser cache to display texts and fonts correctly.<\/p>\n\n\n\n<p>For this purpose your browser has to establish a direct connection to Google servers. Google thus becomes aware that our web page was accessed via your IP address. The use of Google Web fonts is done in the interest of a uniform and attractive presentation of our website. This constitutes a justified interest pursuant to Art. 6 (1) (f) DSGVO.<\/p>\n\n\n\n<p>If your browser does not support web fonts, a standard font is used by your computer.<\/p>\n\n\n\n<p>Further information about handling user data, can be found at&nbsp;<a href=\"https:\/\/developers.google.com\/fonts\/faq\" target=\"_blank\" rel=\"noreferrer noopener\">https:\/\/developers.google.com\/fonts\/faq<\/a>&nbsp;and in Google\u2019s privacy policy at&nbsp;<a href=\"https:\/\/www.google.com\/policies\/privacy\/\" target=\"_blank\" rel=\"noreferrer noopener\">https:\/\/www.google.com\/policies\/privacy\/<\/a>.<\/p>\n\n\n\n<h3 class=\"wp-block-heading\">Google Maps<\/h3>\n\n\n\n<p>This site uses the Google Maps map service via an API. It is operated by Google Inc., 1600 Amphitheatre Parkway, Mountain View, CA 94043, USA.<\/p>\n\n\n\n<p>To use Google Maps, it is necessary to save your IP address. This information is generally transmitted to a Google server in the USA and stored there. The provider of this site has no influence on this data transfer.<\/p>\n\n\n\n<p>The use of Google Maps is in the interest of making our website appealing and to facilitate the location of places specified by us on the website. This constitutes a justified interest pursuant to Art. 6 (1) (f) DSGVO.<\/p>\n\n\n\n<p>Further information about handling user data, can be found in the data protection declaration of Google at&nbsp;<a href=\"https:\/\/www.google.de\/intl\/de\/policies\/privacy\/\" target=\"_blank\" rel=\"noreferrer noopener\">https:\/\/www.google.de\/intl\/de\/policies\/privacy\/<\/a>.<\/p>\n\n\n\n<h3 class=\"wp-block-heading\">Google reCAPTCHA<\/h3>\n\n\n\n<p>We use \u201cGoogle reCAPTCHA\u201d (hereinafter \u201creCAPTCHA\u201d) on our websites. This service is provided by Google Inc., 1600 Amphitheater Parkway, Mountain View, CA 94043, USA (\u201cGoogle\u201d).<\/p>\n\n\n\n<p>reCAPTCHA is used to check whether the data entered on our website (such as on a contact form) has been entered by a human or by an automated program. To do this, reCAPTCHA analyzes the behavior of the website visitor based on various characteristics. This analysis starts automatically as soon as the website visitor enters the website. For the analysis, reCAPTCHA evaluates various information (e.g. IP address, how long the visitor has been on the website, or mouse movements made by the user). The data collected during the analysis will be forwarded to Google.<\/p>\n\n\n\n<p>The reCAPTCHA analyses take place completely in the background. Website visitors are not advised that such an analysis is taking place.<\/p>\n\n\n\n<p>Data processing is based on Art. 6 (1) (f) DSGVO. The website operator has a legitimate interest in protecting its site from abusive automated crawling and spam.<\/p>\n\n\n\n<p>For more information about Google reCAPTCHA and Google\u2019s privacy policy, please visit the following links:&nbsp;<a href=\"https:\/\/www.google.com\/intl\/de\/policies\/privacy\/\" target=\"_blank\" rel=\"noreferrer noopener\">https:\/\/www.google.com\/intl\/de\/policies\/privacy\/<\/a>&nbsp;and&nbsp;<a href=\"https:\/\/www.google.com\/recaptcha\/intro\/android.html\" target=\"_blank\" rel=\"noreferrer noopener\">https:\/\/www.google.com\/recaptcha\/intro\/android.html<\/a>.<\/p>\n","protected":false},"excerpt":{"rendered":"<p>PRIVACY POLICY 1. An overview of data protection General The following gives a simple overview of what happens to your personal information when you visit our website. Personal information is any data with which you could be personally identified. Detailed information on the subject of data protection can be found in our privacy policy found [&hellip;]<\/p>\n","protected":false},"author":1,"featured_media":0,"parent":0,"menu_order":0,"comment_status":"closed","ping_status":"closed","template":"","meta":{"_acf_changed":false,"footnotes":""},"class_list":["post-2741","page","type-page","status-publish","hentry"],"acf":[],"_links":{"self":[{"href":"https:\/\/schloss-weitenburg.de\/en\/wp-json\/wp\/v2\/pages\/2741","targetHints":{"allow":["GET"]}}],"collection":[{"href":"https:\/\/schloss-weitenburg.de\/en\/wp-json\/wp\/v2\/pages"}],"about":[{"href":"https:\/\/schloss-weitenburg.de\/en\/wp-json\/wp\/v2\/types\/page"}],"author":[{"embeddable":true,"href":"https:\/\/schloss-weitenburg.de\/en\/wp-json\/wp\/v2\/users\/1"}],"replies":[{"embeddable":true,"href":"https:\/\/schloss-weitenburg.de\/en\/wp-json\/wp\/v2\/comments?post=2741"}],"version-history":[{"count":0,"href":"https:\/\/schloss-weitenburg.de\/en\/wp-json\/wp\/v2\/pages\/2741\/revisions"}],"wp:attachment":[{"href":"https:\/\/schloss-weitenburg.de\/en\/wp-json\/wp\/v2\/media?parent=2741"}],"curies":[{"name":"wp","href":"https:\/\/api.w.org\/{rel}","templated":true}]}}