{"id":2753,"date":"2023-06-06T15:13:59","date_gmt":"2023-06-06T13:13:59","guid":{"rendered":"https:\/\/schloss-weitenburg.de\/jobs\/"},"modified":"2024-04-03T10:21:29","modified_gmt":"2024-04-03T08:21:29","slug":"jobs","status":"publish","type":"page","link":"https:\/\/schloss-weitenburg.de\/en\/jobs\/","title":{"rendered":"About us"},"content":{"rendered":"<section  class=\"block_heroimage section \">\n    \n<img decoding=\"async\"  src=\"https:\/\/schloss-weitenburg.de\/wp-content\/uploads\/113_StSW_DSC1841-scaled-e1693086815423.jpg\" srcset=\"https:\/\/schloss-weitenburg.de\/wp-content\/uploads\/113_StSW_DSC1841-scaled-e1693086815423.jpg 1024w, \n    https:\/\/schloss-weitenburg.de\/wp-content\/uploads\/113_StSW_DSC1841-150x150.jpg 300w, \n    https:\/\/schloss-weitenburg.de\/wp-content\/uploads\/113_StSW_DSC1841-300x214.jpg 768w, \n    https:\/\/schloss-weitenburg.de\/wp-content\/uploads\/113_StSW_DSC1841-768x548.jpg 1536w, \n    https:\/\/schloss-weitenburg.de\/wp-content\/uploads\/113_StSW_DSC1841-1024x730.jpg 2048w, \n    https:\/\/schloss-weitenburg.de\/wp-content\/uploads\/113_StSW_DSC1841-1024x730.jpg 1200w, \n    https:\/\/schloss-weitenburg.de\/wp-content\/uploads\/113_StSW_DSC1841-1024x730.jpg 1980w\" \n    sizes=\"(max-width: 1024px) 100vw, 1024px\" \n    alt=\"\">\n   \n<\/section>\n\n<section  class=\"block_title-text section backgroundcolor-transparent \">\n    <div class=\"container\">\n        \n        <div class=\"row \">\n            <div class=\"col-12 text-wrapper \" >\n                <div class=\"text \">\n                    \n                    <div class=\"row\">\n                        <div class=\"col-12 col-md-6\">\n                           <div class=\"title\"><h2>About us<\/h2>\n<\/div>\n                        <\/div>\n                        <div class=\"col-12 col-md-6\">\n                            <div class=\"inner-text\"><p>At Schloss Weitenburg, you experience a unique place with tradition and history.<\/p>\n<\/div>\n                        <\/div>\n                    <\/div>\n                    \n                <\/div>\n                \n            <\/div>\n           \n        <\/div>\n        \n    <\/div>\n<\/section>\n\n<section  class=\"block_image-text section position-left overlapping- overlapping-center- backgroundcolor-white\">\n    <div class=\"container\">\n        \n        <div class=\"row \">\n                                \n                    <div class=\"col-12 col-md-6 image-wrapper \" >\n                        <div class=\"image\" >\n                        <img decoding=\"async\"  src=\"https:\/\/schloss-weitenburg.de\/wp-content\/uploads\/098_StSW_DSC1761-scaled-e1711719656256.jpg\" srcset=\"https:\/\/schloss-weitenburg.de\/wp-content\/uploads\/098_StSW_DSC1761-scaled-e1711719656256.jpg 1024w, \n                                https:\/\/schloss-weitenburg.de\/wp-content\/uploads\/098_StSW_DSC1761-150x150.jpg 300w, \n                                https:\/\/schloss-weitenburg.de\/wp-content\/uploads\/098_StSW_DSC1761-198x300.jpg 768w, \n                                https:\/\/schloss-weitenburg.de\/wp-content\/uploads\/098_StSW_DSC1761-768x1165.jpg 1536w, \n                                https:\/\/schloss-weitenburg.de\/wp-content\/uploads\/098_StSW_DSC1761-675x1024.jpg 2048w, \n                                https:\/\/schloss-weitenburg.de\/wp-content\/uploads\/098_StSW_DSC1761-675x1024.jpg 1200w, \n                                https:\/\/schloss-weitenburg.de\/wp-content\/uploads\/098_StSW_DSC1761-675x1024.jpg 1980w\" \n                            sizes=\"(max-width: 1024px) 100vw, 1024px\" \n                            alt=\"\">\n                        <\/div>\n                        \n                    <\/div>\n                    <div class=\"col-12 col-md-6 text-wrapper\" >\n                        <div class=\"text\">\n                            <h2>Our History<\/h2>\n<p><strong>1062<\/strong><br \/>\nThe Weitenburg is mentioned for the first time in a document from the Hirsau Abbey in the Black Forest.<\/p>\n<p><strong>from 1437<\/strong><br \/>\nThe first documented owner of the Weitenburg appears, the plunderous and quarrelsome Hans Pfuser von Nordst\u00e4dten, in the records of the Imperial Court in Rottweil.<\/p>\n<p><strong>1583<\/strong><br \/>\nJakob von Ehningen erects the main building of the Weitenburg, still recognizable today by its mighty walls and stepped gables.<\/p>\n<p><strong>1681<\/strong><br \/>\nEmperor Leopold I raises Doctor of both laws, Jacob Christoph Ra\u00dfler, to the baronial rank; henceforth his descendants may call themselves Baron, Baroness, or Baronesse von Ra\u00dfler von Gamerschwang, commonly referred to as Baron, Baroness, or Baronesse von Ra\u00dfler.<\/p>\n<p><strong>1720<\/strong><br \/>\nBaron Rupert von Ra\u00dfler acquires the Weitenburg for 43,000 Rhenish guilders, the purchase contract remains in the castle&#8217;s archives to this day.<\/p>\n<p><strong>from 1730<\/strong><br \/>\nThe Weitenburg loses its character as a fortified castle, the moat is built over, and the complex is transformed into a residential palace.<\/p>\n    \n                        <\/div>\n                    <\/div>\n\n                    \n                                \n            \n        <\/div>\n        \n    <\/div>\n<\/section>\n\n<section  class=\"block_image-text section position-right overlapping- overlapping-center- backgroundcolor-transparent\">\n    <div class=\"container\">\n        \n        <div class=\"row \">\n                                <div class=\"col-12 col-md-6 text-wrapper \" >\n                        <div class=\"text\">\n                            <p><strong>1806<\/strong><br \/>\nAfter the Peace of Pressburg (1805), the Holy Roman Empire of the German Nation comes to an end. Friedrich I, newly crowned King of W\u00fcrttemberg by Napoleon&#8217;s grace, seizes all the rights of the old Imperial Knighthood, and Further Austria disappears from the map.<\/p>\n<p><strong>1869<\/strong><br \/>\nThe baroque south wing including the chapel is demolished and replaced by a building in neo-Gothic style.<\/p>\n<p><strong>1922<\/strong><br \/>\nHis Excellency, Baron Maximilian Rudolph von Ra\u00dfler, royal chamberlain and chief steward of the last Queen of W\u00fcrttemberg, closes his eyes forever.<\/p>\n<p><strong>1954<\/strong><br \/>\nHis grandson, Agricultural Engineer Baron Max Richard von Ra\u00dfler (sen.), then 25 years old, opens Schloss Weitenburg to paying guests &#8211; initially as a restaurant, later also as a hotel.<\/p>\n<p><strong>1998<\/strong><br \/>\nThe Red Salon, the grand room of the castle, becomes the first wedding room for civil weddings in a private castle in Baden-W\u00fcrttemberg.<\/p>\n<p><strong>since 2001<\/strong><br \/>\nBaron Max-Richard von Ra\u00dfler (jun.) is the owner of Schloss Weitenburg in the ninth generation and personally manages the affairs of the hotel and restaurant.<\/p>\n                        <\/div>\n                        \n                    <\/div>\n                    <div class=\"col-12 col-md-6 image-wrapper \" >\n                        <div class=\"image\" >\n                        <img decoding=\"async\"  src=\"https:\/\/schloss-weitenburg.de\/wp-content\/uploads\/Talblick-F.-Hajdu-scaled-e1693081747986.jpg\" srcset=\"https:\/\/schloss-weitenburg.de\/wp-content\/uploads\/Talblick-F.-Hajdu-scaled-e1693081747986.jpg 1024w, \n                                https:\/\/schloss-weitenburg.de\/wp-content\/uploads\/Talblick-F.-Hajdu-150x150.jpg 300w, \n                                https:\/\/schloss-weitenburg.de\/wp-content\/uploads\/Talblick-F.-Hajdu-200x300.jpg 768w, \n                                https:\/\/schloss-weitenburg.de\/wp-content\/uploads\/Talblick-F.-Hajdu-768x1152.jpg 1536w, \n                                https:\/\/schloss-weitenburg.de\/wp-content\/uploads\/Talblick-F.-Hajdu-683x1024.jpg 2048w, \n                                https:\/\/schloss-weitenburg.de\/wp-content\/uploads\/Talblick-F.-Hajdu-683x1024.jpg 1200w, \n                                https:\/\/schloss-weitenburg.de\/wp-content\/uploads\/Talblick-F.-Hajdu-683x1024.jpg 1980w\" \n                            sizes=\"(max-width: 1024px) 100vw, 1024px\" \n                            alt=\"Weitenburg Geschichte\">\n                        <\/div>\n                        \n                    <\/div>\n\n                    \n                                \n            \n        <\/div>\n        \n    <\/div>\n<\/section>\n\n\n<section  class=\"block_tabs section \" >\n    <div class=\"container\">\n        <div class=\"row \">\n\n        <div class=\"col-12\"><h2 style=\"text-align: center;\">Ancestors<\/h2>\n<\/div>\n\n        <ul class=\"nav nav-tabs nav-justified col-12\">\n                                        <li class=\"col-12 col-lg-6 tabbtn\"><a data-bs-toggle=\"pill\" href=\"#CastleWeitenburg-Ancestry\" class=\"active\">Castle Weitenburg &#8211; Ancestry<\/a><\/li>\n                                    <\/ul>\n        \n        <div class=\"tab-content col-12\">\n\n                                    <div id=\"CastleWeitenburg-Ancestry\" class=\"tab-pane active show\">\n                                <div class=\"row\">\n                                <div class=\"col-12 col-lg-2\">\n                                    <ul class=\"nav nav-tabs nav-justified col-12\">\n                                                                                    <li class=\"col-12 tabbtn\"><a data-bs-toggle=\"pill\" href=\"#KaiserLeopoldI\" class=\"active\">Kaiser Leopold I<\/a><\/li>\n                                                                                        <li class=\"col-12 tabbtn\"><a data-bs-toggle=\"pill\" href=\"#JosephRupertFreiherrvonRa\u00dfler\">Joseph Rupert Freiherr von Ra\u00dfler<\/a><\/li>\n                                                                                        <li class=\"col-12 tabbtn\"><a data-bs-toggle=\"pill\" href=\"#MariaAnnaFreifrauvonRa\u00dfler\">Maria Anna Freifrau von Ra\u00dfler<\/a><\/li>\n                                                                                        <li class=\"col-12 tabbtn\"><a data-bs-toggle=\"pill\" href=\"#MaximilianFreiherrvonRa\u00dfler\">Maximilian Freiherr von Ra\u00dfler<\/a><\/li>\n                                                                                <\/ul>\n                                <\/div>\n                                <div class=\"col-12 col-lg-10\">\n                                    <div class=\"tab-content\">\n                                                                                        <div id=\"KaiserLeopoldI\" class=\"tab-pane active show\">\n                                                    <div class=\"row\">\n                                                    <div class=\"col-12 col-lg-5\">\n                                                                                                                <img decoding=\"async\"  src=\"https:\/\/schloss-weitenburg.de\/wp-content\/uploads\/Weitenburg__SCAN_2-782x1024.jpg\" alt=\"\" \/>\n                                                    <\/div>\n                                                    <div class=\"col-12 col-lg-7\">\n                                                        <h2>1640 \u2013 1705<\/h2>\n<p>Gave the title \u201eBaron\u201c to the family Rassler<br \/>\nin 1681 and franchised his imperial \u201eL\u201c to chancelor Christoph Rassler into the armorial of the family.<\/p>\n                                                    <\/div>\n                                                    <\/div>\n                                                <\/div>\n                                                                                           <div id=\"JosephRupertFreiherrvonRa\u00dfler\" class=\"tab-pane\">\n                                                    <div class=\"row\">\n                                                    <div class=\"col-12 col-lg-5\">\n                                                                                                                <img decoding=\"async\"  src=\"https:\/\/schloss-weitenburg.de\/wp-content\/uploads\/572_StSW_DSC3040-712x1024.jpg\" alt=\"\" \/>\n                                                    <\/div>\n                                                    <div class=\"col-12 col-lg-7\">\n                                                        <h2>1692 \u2013 1770<\/h2>\n<p>Bought the castle Weitenburg in 1720 and paid 43.000 rhenish guilder.<\/p>\n                                                    <\/div>\n                                                    <\/div>\n                                                <\/div>\n                                                                                           <div id=\"MariaAnnaFreifrauvonRa\u00dfler\" class=\"tab-pane\">\n                                                    <div class=\"row\">\n                                                    <div class=\"col-12 col-lg-5\">\n                                                                                                                <img decoding=\"async\"  src=\"https:\/\/schloss-weitenburg.de\/wp-content\/uploads\/20240329_132008-768x1024.jpg\" alt=\"\" \/>\n                                                    <\/div>\n                                                    <div class=\"col-12 col-lg-7\">\n                                                        <h2>1700 \u2013 1768<\/h2>\n<p>Wife of the purchaser of the Weitenburg.<br \/>\nWidow of Anton Baron Hohenberg, last male descendant of Archduke Ferdinand II. of Austria.<\/p>\n                                                    <\/div>\n                                                    <\/div>\n                                                <\/div>\n                                                                                           <div id=\"MaximilianFreiherrvonRa\u00dfler\" class=\"tab-pane\">\n                                                    <div class=\"row\">\n                                                    <div class=\"col-12 col-lg-5\">\n                                                                                                                <img decoding=\"async\"  src=\"https:\/\/schloss-weitenburg.de\/wp-content\/uploads\/Weitenburg__SCAN-695x1024.jpg\" alt=\"\" \/>\n                                                    <\/div>\n                                                    <div class=\"col-12 col-lg-7\">\n                                                        <h2>1856 \u2013 1922<\/h2>\n<p>Chamberlain and constable of Queen Charlotte, last Queen of W\u00fcrttemberg.<\/p>\n                                                    <\/div>\n                                                    <\/div>\n                                                <\/div>\n                                                                                <\/div>\n                                <\/div>\n                                <\/div>\n                            <\/div>\n                                    <\/div>\n\n        <\/div>\n    <\/div>\n<\/section>\n\n\n<p><\/p>\n\n\n<section  class=\"block_image-text section position-left overlapping-yes overlapping-center-yes backgroundcolor-transparent\">\n    <div class=\"container\">\n        \n        <div class=\"row \">\n                                \n                    <div class=\"col-12 col-lg-8 image-wrapper \" >\n                        <div class=\"image\" >\n                        <img decoding=\"async\"  src=\"https:\/\/schloss-weitenburg.de\/wp-content\/uploads\/Kupfermanufaktur-Weyersberg.jpg\" srcset=\"https:\/\/schloss-weitenburg.de\/wp-content\/uploads\/Kupfermanufaktur-Weyersberg.jpg 1024w, \n                                https:\/\/schloss-weitenburg.de\/wp-content\/uploads\/Kupfermanufaktur-Weyersberg-150x150.jpg 300w, \n                                https:\/\/schloss-weitenburg.de\/wp-content\/uploads\/Kupfermanufaktur-Weyersberg-300x200.jpg 768w, \n                                https:\/\/schloss-weitenburg.de\/wp-content\/uploads\/Kupfermanufaktur-Weyersberg-768x512.jpg 1536w, \n                                https:\/\/schloss-weitenburg.de\/wp-content\/uploads\/Kupfermanufaktur-Weyersberg-1024x683.jpg 2048w, \n                                https:\/\/schloss-weitenburg.de\/wp-content\/uploads\/Kupfermanufaktur-Weyersberg-1024x683.jpg 1200w, \n                                https:\/\/schloss-weitenburg.de\/wp-content\/uploads\/Kupfermanufaktur-Weyersberg-1024x683.jpg 1980w\" \n                            sizes=\"(max-width: 1024px) 100vw, 1024px\" \n                            alt=\"Kupfermanufaktur Weyersberg\">\n                        <\/div>\n                        \n                    <\/div>\n                                            <div class=\"col-12 col-lg-6 text-wrapper \" >\n                                            <div class=\"text\">\n                            <h2>Copper manufactory Weyersberg<\/h2>\n<p>The manufactory you can find at Schloss Weitenburg in splendid location high above the Neckar river valley in the small town of Starzach.<br \/>\nYou would like to know more about the noble metal copper? We suggest a visit at the castle or a look at the website.<\/p>\n<p><a href=\"http:\/\/www.kupfermanufaktur.com\/\" target=\"_blank\" rel=\"noopener\"><span class=\"button-link\">To the Website<\/span><\/a><\/p>\n                        <\/div>\n                    <\/div>\n\n                    \n                                \n            \n        <\/div>\n        \n    <\/div>\n<\/section>","protected":false},"excerpt":{"rendered":"","protected":false},"author":1,"featured_media":0,"parent":0,"menu_order":0,"comment_status":"closed","ping_status":"closed","template":"","meta":{"_acf_changed":false,"footnotes":""},"class_list":["post-2753","page","type-page","status-publish","hentry"],"acf":[],"_links":{"self":[{"href":"https:\/\/schloss-weitenburg.de\/en\/wp-json\/wp\/v2\/pages\/2753","targetHints":{"allow":["GET"]}}],"collection":[{"href":"https:\/\/schloss-weitenburg.de\/en\/wp-json\/wp\/v2\/pages"}],"about":[{"href":"https:\/\/schloss-weitenburg.de\/en\/wp-json\/wp\/v2\/types\/page"}],"author":[{"embeddable":true,"href":"https:\/\/schloss-weitenburg.de\/en\/wp-json\/wp\/v2\/users\/1"}],"replies":[{"embeddable":true,"href":"https:\/\/schloss-weitenburg.de\/en\/wp-json\/wp\/v2\/comments?post=2753"}],"version-history":[{"count":0,"href":"https:\/\/schloss-weitenburg.de\/en\/wp-json\/wp\/v2\/pages\/2753\/revisions"}],"wp:attachment":[{"href":"https:\/\/schloss-weitenburg.de\/en\/wp-json\/wp\/v2\/media?parent=2753"}],"curies":[{"name":"wp","href":"https:\/\/api.w.org\/{rel}","templated":true}]}}